{"id":793,"date":"2009-05-20T22:03:54","date_gmt":"2009-05-20T21:03:54","guid":{"rendered":"http:\/\/fotogr.darklair.homeunix.net\/?page_id=2"},"modified":"2009-05-20T22:03:54","modified_gmt":"2009-05-20T21:03:54","slug":"sobre","status":"publish","type":"page","link":"https:\/\/trindade.myphotos.cc\/fotografia\/sobre\/","title":{"rendered":"Acerca"},"content":{"rendered":"<p>Sou um apaixon\u00ada\u00addo pela fotografia.<\/p>\n<p>Ape\u00adsar de ape\u00adnas amador con\u00adsidero alguns dos meus tra\u00adbal\u00adhos dig\u00adnos de exposi\u00e7\u00e3o p\u00fablica.<\/p>\n<p>Neste blog ten\u00adto pub\u00adlicar ess\u00ades tra\u00adbal\u00adho, um por&nbsp;dia.<\/p>\n<p>Espero que gostem.<\/p>\n","protected":false},"excerpt":{"rendered":"<p>Sou um apaixon\u00ada\u00addo pela fotografia. Ape\u00adsar de ape\u00adnas amador con\u00adsidero alguns dos meus tra\u00adbal\u00adhos dig\u00adnos de exposi\u00e7\u00e3o p\u00fabli\u00adca. Neste blog ten\u00adto pub\u00adlicar ess\u00ades tra\u00adbal\u00adho, um por&nbsp;dia. Espero que gostem.<\/p>\n","protected":false},"author":1,"featured_media":0,"parent":0,"menu_order":0,"comment_status":"open","ping_status":"open","template":"","meta":{"wp_typography_post_enhancements_disabled":false,"footnotes":""},"class_list":["post-793","page","type-page","status-publish","hentry"],"_links":{"self":[{"href":"https:\/\/trindade.myphotos.cc\/fotografia\/wp-json\/wp\/v2\/pages\/793","targetHints":{"allow":["GET"]}}],"collection":[{"href":"https:\/\/trindade.myphotos.cc\/fotografia\/wp-json\/wp\/v2\/pages"}],"about":[{"href":"https:\/\/trindade.myphotos.cc\/fotografia\/wp-json\/wp\/v2\/types\/page"}],"author":[{"embeddable":true,"href":"https:\/\/trindade.myphotos.cc\/fotografia\/wp-json\/wp\/v2\/users\/1"}],"replies":[{"embeddable":true,"href":"https:\/\/trindade.myphotos.cc\/fotografia\/wp-json\/wp\/v2\/comments?post=793"}],"version-history":[{"count":0,"href":"https:\/\/trindade.myphotos.cc\/fotografia\/wp-json\/wp\/v2\/pages\/793\/revisions"}],"wp:attachment":[{"href":"https:\/\/trindade.myphotos.cc\/fotografia\/wp-json\/wp\/v2\/media?parent=793"}],"curies":[{"name":"wp","href":"https:\/\/api.w.org\/{rel}","templated":true}]}}